{"id":112,"date":"2020-12-08T17:37:22","date_gmt":"2020-12-08T17:37:22","guid":{"rendered":"https:\/\/www.ladietadeldeporte.es\/?page_id=112"},"modified":"2021-03-08T13:30:51","modified_gmt":"2021-03-08T13:30:51","slug":"servicios","status":"publish","type":"page","link":"https:\/\/ladietadeldeporte.es\/index.php\/servicios\/","title":{"rendered":"JUAN CARLOS"},"content":{"rendered":"\t\t<div data-elementor-type=\"wp-page\" data-elementor-id=\"112\" class=\"elementor elementor-112\" data-elementor-settings=\"[]\">\n\t\t\t\t\t\t<div class=\"elementor-inner\">\n\t\t\t\t\t\t\t<div class=\"elementor-section-wrap\">\n\t\t\t\t\t\t\t<section class=\"elementor-section elementor-top-section elementor-element elementor-element-c04e825 elementor-section-boxed elementor-section-height-default elementor-section-height-default\" data-id=\"c04e825\" data-element_type=\"section\">\n\t\t\t\t\t\t<div class=\"elementor-container elementor-column-gap-default\">\n\t\t\t\t\t\t\t<div class=\"elementor-row\">\n\t\t\t\t\t<div class=\"elementor-column elementor-col-100 elementor-top-column elementor-element elementor-element-b8e785b\" data-id=\"b8e785b\" data-element_type=\"column\">\n\t\t\t<div class=\"elementor-column-wrap elementor-element-populated\">\n\t\t\t\t\t\t\t<div class=\"elementor-widget-wrap\">\n\t\t\t\t\t\t<div class=\"elementor-element elementor-element-b641d19 elementor-widget elementor-widget-image\" data-id=\"b641d19\" data-element_type=\"widget\" data-widget_type=\"image.default\">\n\t\t\t\t<div class=\"elementor-widget-container\">\n\t\t\t\t\t<div class=\"elementor-image\">\n\t\t\t\t\t\t\t\t\t\t<img width=\"1024\" height=\"819\" src=\"https:\/\/ladietadeldeporte.es\/wp-content\/uploads\/2020\/12\/Juan-Carlos-Moreno-1024x819.png\" class=\"attachment-large size-large\" alt=\"\" loading=\"lazy\" srcset=\"https:\/\/ladietadeldeporte.es\/wp-content\/uploads\/2020\/12\/Juan-Carlos-Moreno-1024x819.png 1024w, https:\/\/ladietadeldeporte.es\/wp-content\/uploads\/2020\/12\/Juan-Carlos-Moreno-300x240.png 300w, https:\/\/ladietadeldeporte.es\/wp-content\/uploads\/2020\/12\/Juan-Carlos-Moreno-768x614.png 768w, https:\/\/ladietadeldeporte.es\/wp-content\/uploads\/2020\/12\/Juan-Carlos-Moreno-1536x1229.png 1536w, https:\/\/ladietadeldeporte.es\/wp-content\/uploads\/2020\/12\/Juan-Carlos-Moreno.png 2000w\" sizes=\"(max-width: 1024px) 100vw, 1024px\" \/>\t\t\t\t\t\t\t\t\t\t\t<\/div>\n\t\t\t\t<\/div>\n\t\t\t\t<\/div>\n\t\t\t\t\t\t<\/div>\n\t\t\t\t\t<\/div>\n\t\t<\/div>\n\t\t\t\t\t\t\t\t<\/div>\n\t\t\t\t\t<\/div>\n\t\t<\/section>\n\t\t\t\t<section class=\"elementor-section elementor-top-section elementor-element elementor-element-cbeb517 elementor-section-boxed elementor-section-height-default elementor-section-height-default\" data-id=\"cbeb517\" data-element_type=\"section\">\n\t\t\t\t\t\t<div class=\"elementor-container elementor-column-gap-default\">\n\t\t\t\t\t\t\t<div class=\"elementor-row\">\n\t\t\t\t\t<div class=\"elementor-column elementor-col-100 elementor-top-column elementor-element elementor-element-bbf0be1\" data-id=\"bbf0be1\" data-element_type=\"column\">\n\t\t\t<div class=\"elementor-column-wrap elementor-element-populated\">\n\t\t\t\t\t\t\t<div class=\"elementor-widget-wrap\">\n\t\t\t\t\t\t<div class=\"elementor-element elementor-element-34d6dc8 elementor-widget elementor-widget-text-editor\" data-id=\"34d6dc8\" data-element_type=\"widget\" data-widget_type=\"text-editor.default\">\n\t\t\t\t<div class=\"elementor-widget-container\">\n\t\t\t\t\t<div class=\"elementor-text-editor elementor-clearfix\"><p>\u00a1Hola! mi nombre es <strong>Juan Carlos Moreno Campos<\/strong>, soy <strong>T\u00e9cnico Superior en Diet\u00e9tica y Nutrici\u00f3n<\/strong>. Mis practicas del deporte desde mi infancia y mi ansia de superaci\u00f3n en la forma f\u00edsica me llevar\u00f3n a formarme en esta profesi\u00f3n.<\/p><p>Mis comienzos en el deporte comenzar\u00f3n con la practica del <strong>F\u00fatbol<\/strong> desde los 8 a\u00f1os en la Escuela profesional de f\u00fatbol de<strong> Mani y Gordillo\u00a0 (exjugador del Real Betis)<\/strong> y Mani ojeador del <strong>F.C. Barcelona<\/strong>\u00a0 y exentrenador del<strong> Filial del Real Betis.<\/strong> La prioridad de mis estudios en un colegio privado intensivo a partir de los 13 a\u00f1os hicier\u00f3n\u00a0 que la actividad del f\u00fatbol pasara a un segundo plano, dejando la practica del f\u00fatbol a los 19 a\u00f1os, iniciandome en el Fitness a nivel casero con un banco y un mancuernero heredado. A partir de ese momento he ido trabajando y con una buena dieta experimentado hasta llegar hoy dia a la practica del <strong>Boxeo <\/strong>como parte de mi entrenamiento.<\/p><\/div>\n\t\t\t\t<\/div>\n\t\t\t\t<\/div>\n\t\t\t\t\t\t<\/div>\n\t\t\t\t\t<\/div>\n\t\t<\/div>\n\t\t\t\t\t\t\t\t<\/div>\n\t\t\t\t\t<\/div>\n\t\t<\/section>\n\t\t\t\t\t\t<\/div>\n\t\t\t\t\t\t<\/div>\n\t\t\t\t\t<\/div>\n\t\t","protected":false},"excerpt":{"rendered":"<p>\u00a1Hola! mi nombre es Juan Carlos Moreno Campos, soy T\u00e9cnico Superior en Diet\u00e9tica y Nutrici\u00f3n. Mis practicas del deporte desde mi infancia y mi ansia de superaci\u00f3n en la forma f\u00edsica me llevar\u00f3n a formarme en esta profesi\u00f3n. Mis comienzos en el deporte comenzar\u00f3n con la practica del F\u00fatbol desde los 8 a\u00f1os en la &hellip;<\/p>\n<p class=\"read-more\"> <a class=\"\" href=\"https:\/\/ladietadeldeporte.es\/index.php\/servicios\/\"> <span class=\"screen-reader-text\">JUAN CARLOS<\/span> Leer m\u00e1s &raquo;<\/a><\/p>\n","protected":false},"author":1,"featured_media":0,"parent":0,"menu_order":0,"comment_status":"closed","ping_status":"closed","template":"elementor_header_footer","meta":[],"yoast_head":"<!-- This site is optimized with the Yoast SEO plugin v16.0.2 - https:\/\/yoast.com\/wordpress\/plugins\/seo\/ -->\n<title>JUAN CARLOS -<\/title>\n<meta name=\"robots\" content=\"index, follow, max-snippet:-1, max-image-preview:large, max-video-preview:-1\" \/>\n<link rel=\"canonical\" href=\"https:\/\/ladietadeldeporte.es\/index.php\/servicios\/\" \/>\n<meta property=\"og:locale\" content=\"es_ES\" \/>\n<meta property=\"og:type\" content=\"article\" \/>\n<meta property=\"og:title\" content=\"JUAN CARLOS -\" \/>\n<meta property=\"og:description\" content=\"\u00a1Hola! mi nombre es Juan Carlos Moreno Campos, soy T\u00e9cnico Superior en Diet\u00e9tica y Nutrici\u00f3n. Mis practicas del deporte desde mi infancia y mi ansia de superaci\u00f3n en la forma f\u00edsica me llevar\u00f3n a formarme en esta profesi\u00f3n. Mis comienzos en el deporte comenzar\u00f3n con la practica del F\u00fatbol desde los 8 a\u00f1os en la &hellip; JUAN CARLOS Leer m\u00e1s &raquo;\" \/>\n<meta property=\"og:url\" content=\"https:\/\/ladietadeldeporte.es\/index.php\/servicios\/\" \/>\n<meta property=\"article:modified_time\" content=\"2021-03-08T13:30:51+00:00\" \/>\n<meta property=\"og:image\" content=\"https:\/\/ladietadeldeporte.es\/wp-content\/uploads\/2020\/12\/Juan-Carlos-Moreno-1024x819.png\" \/>\n<meta name=\"twitter:card\" content=\"summary_large_image\" \/>\n<meta name=\"twitter:label1\" content=\"Tiempo de lectura\">\n\t<meta name=\"twitter:data1\" content=\"1 minuto\">\n<script type=\"application\/ld+json\" class=\"yoast-schema-graph\">{\"@context\":\"https:\/\/schema.org\",\"@graph\":[{\"@type\":\"WebSite\",\"@id\":\"https:\/\/ladietadeldeporte.es\/#website\",\"url\":\"https:\/\/ladietadeldeporte.es\/\",\"name\":\"ladietadeldeporte.es\",\"description\":\"TELEFONO 608 03 29 25\",\"potentialAction\":[{\"@type\":\"SearchAction\",\"target\":\"https:\/\/ladietadeldeporte.es\/?s={search_term_string}\",\"query-input\":\"required name=search_term_string\"}],\"inLanguage\":\"es\"},{\"@type\":\"ImageObject\",\"@id\":\"https:\/\/ladietadeldeporte.es\/index.php\/servicios\/#primaryimage\",\"inLanguage\":\"es\",\"url\":\"https:\/\/ladietadeldeporte.es\/wp-content\/uploads\/2020\/12\/Juan-Carlos-Moreno.png\",\"width\":2000,\"height\":1600},{\"@type\":\"WebPage\",\"@id\":\"https:\/\/ladietadeldeporte.es\/index.php\/servicios\/#webpage\",\"url\":\"https:\/\/ladietadeldeporte.es\/index.php\/servicios\/\",\"name\":\"JUAN CARLOS -\",\"isPartOf\":{\"@id\":\"https:\/\/ladietadeldeporte.es\/#website\"},\"primaryImageOfPage\":{\"@id\":\"https:\/\/ladietadeldeporte.es\/index.php\/servicios\/#primaryimage\"},\"datePublished\":\"2020-12-08T17:37:22+00:00\",\"dateModified\":\"2021-03-08T13:30:51+00:00\",\"breadcrumb\":{\"@id\":\"https:\/\/ladietadeldeporte.es\/index.php\/servicios\/#breadcrumb\"},\"inLanguage\":\"es\",\"potentialAction\":[{\"@type\":\"ReadAction\",\"target\":[\"https:\/\/ladietadeldeporte.es\/index.php\/servicios\/\"]}]},{\"@type\":\"BreadcrumbList\",\"@id\":\"https:\/\/ladietadeldeporte.es\/index.php\/servicios\/#breadcrumb\",\"itemListElement\":[{\"@type\":\"ListItem\",\"position\":1,\"item\":{\"@type\":\"WebPage\",\"@id\":\"https:\/\/ladietadeldeporte.es\/\",\"url\":\"https:\/\/ladietadeldeporte.es\/\",\"name\":\"Portada\"}},{\"@type\":\"ListItem\",\"position\":2,\"item\":{\"@type\":\"WebPage\",\"@id\":\"https:\/\/ladietadeldeporte.es\/index.php\/servicios\/\",\"url\":\"https:\/\/ladietadeldeporte.es\/index.php\/servicios\/\",\"name\":\"JUAN CARLOS\"}}]}]}<\/script>\n<!-- \/ Yoast SEO plugin. -->","_links":{"self":[{"href":"https:\/\/ladietadeldeporte.es\/index.php\/wp-json\/wp\/v2\/pages\/112"}],"collection":[{"href":"https:\/\/ladietadeldeporte.es\/index.php\/wp-json\/wp\/v2\/pages"}],"about":[{"href":"https:\/\/ladietadeldeporte.es\/index.php\/wp-json\/wp\/v2\/types\/page"}],"author":[{"embeddable":true,"href":"https:\/\/ladietadeldeporte.es\/index.php\/wp-json\/wp\/v2\/users\/1"}],"replies":[{"embeddable":true,"href":"https:\/\/ladietadeldeporte.es\/index.php\/wp-json\/wp\/v2\/comments?post=112"}],"version-history":[{"count":12,"href":"https:\/\/ladietadeldeporte.es\/index.php\/wp-json\/wp\/v2\/pages\/112\/revisions"}],"predecessor-version":[{"id":608,"href":"https:\/\/ladietadeldeporte.es\/index.php\/wp-json\/wp\/v2\/pages\/112\/revisions\/608"}],"wp:attachment":[{"href":"https:\/\/ladietadeldeporte.es\/index.php\/wp-json\/wp\/v2\/media?parent=112"}],"curies":[{"name":"wp","href":"https:\/\/api.w.org\/{rel}","templated":true}]}}