{"id":9,"date":"2020-12-07T19:08:02","date_gmt":"2020-12-07T19:08:02","guid":{"rendered":"https:\/\/www.ladietadeldeporte.es\/?page_id=9"},"modified":"2021-03-02T18:07:52","modified_gmt":"2021-03-02T18:07:52","slug":"dietas-2dieta-deportista","status":"publish","type":"page","link":"https:\/\/ladietadeldeporte.es\/","title":{"rendered":"DIETAS"},"content":{"rendered":"\t\t<div data-elementor-type=\"wp-page\" data-elementor-id=\"9\" class=\"elementor elementor-9\" data-elementor-settings=\"[]\">\n\t\t\t\t\t\t<div class=\"elementor-inner\">\n\t\t\t\t\t\t\t<div class=\"elementor-section-wrap\">\n\t\t\t\t\t\t\t<section class=\"elementor-section elementor-top-section elementor-element elementor-element-461565c elementor-section-boxed elementor-section-height-default elementor-section-height-default\" data-id=\"461565c\" data-element_type=\"section\">\n\t\t\t\t\t\t<div class=\"elementor-container elementor-column-gap-default\">\n\t\t\t\t\t\t\t<div class=\"elementor-row\">\n\t\t\t\t\t<div class=\"elementor-column elementor-col-100 elementor-top-column elementor-element elementor-element-4e254f8\" data-id=\"4e254f8\" data-element_type=\"column\">\n\t\t\t<div class=\"elementor-column-wrap elementor-element-populated\">\n\t\t\t\t\t\t\t<div class=\"elementor-widget-wrap\">\n\t\t\t\t\t\t<div class=\"elementor-element elementor-element-d5255fb elementor-widget elementor-widget-image\" data-id=\"d5255fb\" data-element_type=\"widget\" data-widget_type=\"image.default\">\n\t\t\t\t<div class=\"elementor-widget-container\">\n\t\t\t\t\t<div class=\"elementor-image\">\n\t\t\t\t\t\t\t\t\t\t<img width=\"1024\" height=\"672\" src=\"https:\/\/ladietadeldeporte.es\/wp-content\/uploads\/2021\/03\/DEPORTE-1024x672.jpg\" class=\"attachment-large size-large\" alt=\"\" loading=\"lazy\" srcset=\"https:\/\/ladietadeldeporte.es\/wp-content\/uploads\/2021\/03\/DEPORTE-1024x672.jpg 1024w, https:\/\/ladietadeldeporte.es\/wp-content\/uploads\/2021\/03\/DEPORTE-300x197.jpg 300w, https:\/\/ladietadeldeporte.es\/wp-content\/uploads\/2021\/03\/DEPORTE-768x504.jpg 768w, https:\/\/ladietadeldeporte.es\/wp-content\/uploads\/2021\/03\/DEPORTE-1536x1008.jpg 1536w, https:\/\/ladietadeldeporte.es\/wp-content\/uploads\/2021\/03\/DEPORTE.jpg 1600w\" sizes=\"(max-width: 1024px) 100vw, 1024px\" \/>\t\t\t\t\t\t\t\t\t\t\t<\/div>\n\t\t\t\t<\/div>\n\t\t\t\t<\/div>\n\t\t\t\t\t\t<\/div>\n\t\t\t\t\t<\/div>\n\t\t<\/div>\n\t\t\t\t\t\t\t\t<\/div>\n\t\t\t\t\t<\/div>\n\t\t<\/section>\n\t\t\t\t<section class=\"elementor-section elementor-top-section elementor-element elementor-element-7976896 elementor-section-boxed elementor-section-height-default elementor-section-height-default\" data-id=\"7976896\" data-element_type=\"section\">\n\t\t\t\t\t\t<div class=\"elementor-container elementor-column-gap-default\">\n\t\t\t\t\t\t\t<div class=\"elementor-row\">\n\t\t\t\t\t<div class=\"elementor-column elementor-col-100 elementor-top-column elementor-element elementor-element-58c7c0d\" data-id=\"58c7c0d\" data-element_type=\"column\">\n\t\t\t<div class=\"elementor-column-wrap elementor-element-populated\">\n\t\t\t\t\t\t\t<div class=\"elementor-widget-wrap\">\n\t\t\t\t\t\t<div class=\"elementor-element elementor-element-93212f6 elementor-widget elementor-widget-text-editor\" data-id=\"93212f6\" data-element_type=\"widget\" data-widget_type=\"text-editor.default\">\n\t\t\t\t<div class=\"elementor-widget-container\">\n\t\t\t\t\t<div class=\"elementor-text-editor elementor-clearfix\"><p>En funci\u00f3n del tipo de entrenamiento o tipo de deporte que practiques adaptaremos tu<strong> Dieta, <\/strong>\u00a0<strong>Nutrici\u00f3n<\/strong> y <strong>Descanso<\/strong>.<\/p><\/div>\n\t\t\t\t<\/div>\n\t\t\t\t<\/div>\n\t\t\t\t\t\t<\/div>\n\t\t\t\t\t<\/div>\n\t\t<\/div>\n\t\t\t\t\t\t\t\t<\/div>\n\t\t\t\t\t<\/div>\n\t\t<\/section>\n\t\t\t\t<section class=\"elementor-section elementor-top-section elementor-element elementor-element-7ba55a0 elementor-section-boxed elementor-section-height-default elementor-section-height-default\" data-id=\"7ba55a0\" data-element_type=\"section\">\n\t\t\t\t\t\t\t<div class=\"elementor-background-overlay\"><\/div>\n\t\t\t\t\t\t\t<div class=\"elementor-container elementor-column-gap-default\">\n\t\t\t\t\t\t\t<div class=\"elementor-row\">\n\t\t\t\t\t<div class=\"elementor-column elementor-col-100 elementor-top-column elementor-element elementor-element-2750b5d\" data-id=\"2750b5d\" data-element_type=\"column\">\n\t\t\t<div class=\"elementor-column-wrap elementor-element-populated\">\n\t\t\t\t\t\t\t<div class=\"elementor-widget-wrap\">\n\t\t\t\t\t\t<div class=\"elementor-element elementor-element-b7bdcb2 elementor-position-top elementor-vertical-align-top elementor-widget elementor-widget-image-box\" data-id=\"b7bdcb2\" data-element_type=\"widget\" data-widget_type=\"image-box.default\">\n\t\t\t\t<div class=\"elementor-widget-container\">\n\t\t\t<div class=\"elementor-image-box-wrapper\"><figure class=\"elementor-image-box-img\"><a href=\"https:\/\/www.ladietadeldeporte.es\/index.php\/entrenar\/\"><img width=\"800\" height=\"600\" src=\"https:\/\/ladietadeldeporte.es\/wp-content\/uploads\/2021\/02\/Diseno-sin-titulo-2.jpg\" class=\"attachment-full size-full\" alt=\"Dieta Deportista\" loading=\"lazy\" srcset=\"https:\/\/ladietadeldeporte.es\/wp-content\/uploads\/2021\/02\/Diseno-sin-titulo-2.jpg 800w, https:\/\/ladietadeldeporte.es\/wp-content\/uploads\/2021\/02\/Diseno-sin-titulo-2-300x225.jpg 300w, https:\/\/ladietadeldeporte.es\/wp-content\/uploads\/2021\/02\/Diseno-sin-titulo-2-768x576.jpg 768w\" sizes=\"(max-width: 800px) 100vw, 800px\" \/><\/a><\/figure><div class=\"elementor-image-box-content\"><h3 class=\"elementor-image-box-title\"><a href=\"https:\/\/www.ladietadeldeporte.es\/index.php\/entrenar\/\">ver m\u00e1s...<\/a><\/h3><p class=\"elementor-image-box-description\">El entrenamiento es una actividad f\u00edsica para lograr los objetivos que nos marcamos a nivel particular o profesional...<\/p><\/div><\/div>\t\t<\/div>\n\t\t\t\t<\/div>\n\t\t\t\t\t\t<\/div>\n\t\t\t\t\t<\/div>\n\t\t<\/div>\n\t\t\t\t\t\t\t\t<\/div>\n\t\t\t\t\t<\/div>\n\t\t<\/section>\n\t\t\t\t<section class=\"elementor-section elementor-top-section elementor-element elementor-element-bb9474c elementor-section-boxed elementor-section-height-default elementor-section-height-default\" data-id=\"bb9474c\" data-element_type=\"section\">\n\t\t\t\t\t\t<div class=\"elementor-container elementor-column-gap-default\">\n\t\t\t\t\t\t\t<div class=\"elementor-row\">\n\t\t\t\t\t<div class=\"elementor-column elementor-col-100 elementor-top-column elementor-element elementor-element-5bc48d7\" data-id=\"5bc48d7\" data-element_type=\"column\">\n\t\t\t<div class=\"elementor-column-wrap elementor-element-populated\">\n\t\t\t\t\t\t\t<div class=\"elementor-widget-wrap\">\n\t\t\t\t\t\t<div class=\"elementor-element elementor-element-54a04d6 elementor-widget elementor-widget-spacer\" data-id=\"54a04d6\" data-element_type=\"widget\" data-widget_type=\"spacer.default\">\n\t\t\t\t<div class=\"elementor-widget-container\">\n\t\t\t\t\t<div class=\"elementor-spacer\">\n\t\t\t<div class=\"elementor-spacer-inner\"><\/div>\n\t\t<\/div>\n\t\t\t\t<\/div>\n\t\t\t\t<\/div>\n\t\t\t\t\t\t<\/div>\n\t\t\t\t\t<\/div>\n\t\t<\/div>\n\t\t\t\t\t\t\t\t<\/div>\n\t\t\t\t\t<\/div>\n\t\t<\/section>\n\t\t\t\t<section class=\"elementor-section elementor-top-section elementor-element elementor-element-c972b78 elementor-section-boxed elementor-section-height-default elementor-section-height-default\" data-id=\"c972b78\" data-element_type=\"section\">\n\t\t\t\t\t\t\t<div class=\"elementor-background-overlay\"><\/div>\n\t\t\t\t\t\t\t<div class=\"elementor-container elementor-column-gap-default\">\n\t\t\t\t\t\t\t<div class=\"elementor-row\">\n\t\t\t\t\t<div class=\"elementor-column elementor-col-100 elementor-top-column elementor-element elementor-element-4f6959a\" data-id=\"4f6959a\" data-element_type=\"column\">\n\t\t\t<div class=\"elementor-column-wrap elementor-element-populated\">\n\t\t\t\t\t\t\t<div class=\"elementor-widget-wrap\">\n\t\t\t\t\t\t<div class=\"elementor-element elementor-element-bcbe967 elementor-position-top elementor-vertical-align-top elementor-widget elementor-widget-image-box\" data-id=\"bcbe967\" data-element_type=\"widget\" data-widget_type=\"image-box.default\">\n\t\t\t\t<div class=\"elementor-widget-container\">\n\t\t\t<div class=\"elementor-image-box-wrapper\"><figure class=\"elementor-image-box-img\"><a href=\"https:\/\/www.ladietadeldeporte.es\/index.php\/dietas\/\"><img width=\"800\" height=\"600\" src=\"https:\/\/ladietadeldeporte.es\/wp-content\/uploads\/2021\/02\/Diseno-sin-titulo-1.jpg\" class=\"attachment-full size-full\" alt=\"Dieta\" loading=\"lazy\" srcset=\"https:\/\/ladietadeldeporte.es\/wp-content\/uploads\/2021\/02\/Diseno-sin-titulo-1.jpg 800w, https:\/\/ladietadeldeporte.es\/wp-content\/uploads\/2021\/02\/Diseno-sin-titulo-1-300x225.jpg 300w, https:\/\/ladietadeldeporte.es\/wp-content\/uploads\/2021\/02\/Diseno-sin-titulo-1-768x576.jpg 768w\" sizes=\"(max-width: 800px) 100vw, 800px\" \/><\/a><\/figure><div class=\"elementor-image-box-content\"><h3 class=\"elementor-image-box-title\"><a href=\"https:\/\/www.ladietadeldeporte.es\/index.php\/dietas\/\">ver m\u00e1s...<\/a><\/h3><p class=\"elementor-image-box-description\"> La Nutrici\u00f3n o la Dieta es una parte fundamental del entrenamiento...<\/p><\/div><\/div>\t\t<\/div>\n\t\t\t\t<\/div>\n\t\t\t\t\t\t<\/div>\n\t\t\t\t\t<\/div>\n\t\t<\/div>\n\t\t\t\t\t\t\t\t<\/div>\n\t\t\t\t\t<\/div>\n\t\t<\/section>\n\t\t\t\t<section class=\"elementor-section elementor-top-section elementor-element elementor-element-5067b0c elementor-section-boxed elementor-section-height-default elementor-section-height-default\" data-id=\"5067b0c\" data-element_type=\"section\">\n\t\t\t\t\t\t<div class=\"elementor-container elementor-column-gap-default\">\n\t\t\t\t\t\t\t<div class=\"elementor-row\">\n\t\t\t\t\t<div class=\"elementor-column elementor-col-100 elementor-top-column elementor-element elementor-element-cc50f5c\" data-id=\"cc50f5c\" data-element_type=\"column\">\n\t\t\t<div class=\"elementor-column-wrap elementor-element-populated\">\n\t\t\t\t\t\t\t<div class=\"elementor-widget-wrap\">\n\t\t\t\t\t\t<div class=\"elementor-element elementor-element-eab334e elementor-widget elementor-widget-spacer\" data-id=\"eab334e\" data-element_type=\"widget\" data-widget_type=\"spacer.default\">\n\t\t\t\t<div class=\"elementor-widget-container\">\n\t\t\t\t\t<div class=\"elementor-spacer\">\n\t\t\t<div class=\"elementor-spacer-inner\"><\/div>\n\t\t<\/div>\n\t\t\t\t<\/div>\n\t\t\t\t<\/div>\n\t\t\t\t\t\t<\/div>\n\t\t\t\t\t<\/div>\n\t\t<\/div>\n\t\t\t\t\t\t\t\t<\/div>\n\t\t\t\t\t<\/div>\n\t\t<\/section>\n\t\t\t\t<section class=\"elementor-section elementor-top-section elementor-element elementor-element-1742e6c elementor-section-boxed elementor-section-height-default elementor-section-height-default\" data-id=\"1742e6c\" data-element_type=\"section\">\n\t\t\t\t\t\t<div class=\"elementor-container elementor-column-gap-default\">\n\t\t\t\t\t\t\t<div class=\"elementor-row\">\n\t\t\t\t\t<div class=\"elementor-column elementor-col-50 elementor-top-column elementor-element elementor-element-0af357e\" data-id=\"0af357e\" data-element_type=\"column\">\n\t\t\t<div class=\"elementor-column-wrap elementor-element-populated\">\n\t\t\t\t\t\t\t<div class=\"elementor-widget-wrap\">\n\t\t\t\t\t\t<div class=\"elementor-element elementor-element-0f48a85 elementor-position-top elementor-vertical-align-top elementor-widget elementor-widget-image-box\" data-id=\"0f48a85\" data-element_type=\"widget\" data-widget_type=\"image-box.default\">\n\t\t\t\t<div class=\"elementor-widget-container\">\n\t\t\t<div class=\"elementor-image-box-wrapper\"><figure class=\"elementor-image-box-img\"><img width=\"1600\" height=\"1280\" src=\"https:\/\/ladietadeldeporte.es\/wp-content\/uploads\/2020\/12\/Entrenar-2-e1607865762584.png\" class=\"attachment-full size-full\" alt=\"\" loading=\"lazy\" \/><\/figure><\/div>\t\t<\/div>\n\t\t\t\t<\/div>\n\t\t\t\t\t\t<\/div>\n\t\t\t\t\t<\/div>\n\t\t<\/div>\n\t\t\t\t<div class=\"elementor-column elementor-col-50 elementor-top-column elementor-element elementor-element-2da3ae6\" data-id=\"2da3ae6\" data-element_type=\"column\">\n\t\t\t<div class=\"elementor-column-wrap elementor-element-populated\">\n\t\t\t\t\t\t\t<div class=\"elementor-widget-wrap\">\n\t\t\t\t\t\t<div class=\"elementor-element elementor-element-39a0803 elementor-position-top elementor-vertical-align-top elementor-widget elementor-widget-image-box\" data-id=\"39a0803\" data-element_type=\"widget\" data-widget_type=\"image-box.default\">\n\t\t\t\t<div class=\"elementor-widget-container\">\n\t\t\t<div class=\"elementor-image-box-wrapper\"><figure class=\"elementor-image-box-img\"><img width=\"1600\" height=\"1280\" src=\"https:\/\/ladietadeldeporte.es\/wp-content\/uploads\/2020\/12\/Entrenar-3-e1607865737793.png\" class=\"attachment-full size-full\" alt=\"\" loading=\"lazy\" \/><\/figure><\/div>\t\t<\/div>\n\t\t\t\t<\/div>\n\t\t\t\t\t\t<\/div>\n\t\t\t\t\t<\/div>\n\t\t<\/div>\n\t\t\t\t\t\t\t\t<\/div>\n\t\t\t\t\t<\/div>\n\t\t<\/section>\n\t\t\t\t<section class=\"elementor-section elementor-top-section elementor-element elementor-element-8820ace elementor-section-boxed elementor-section-height-default elementor-section-height-default\" data-id=\"8820ace\" data-element_type=\"section\">\n\t\t\t\t\t\t<div class=\"elementor-container elementor-column-gap-default\">\n\t\t\t\t\t\t\t<div class=\"elementor-row\">\n\t\t\t\t\t<div class=\"elementor-column elementor-col-50 elementor-top-column elementor-element elementor-element-20f85ea\" data-id=\"20f85ea\" data-element_type=\"column\">\n\t\t\t<div class=\"elementor-column-wrap elementor-element-populated\">\n\t\t\t\t\t\t\t<div class=\"elementor-widget-wrap\">\n\t\t\t\t\t\t<div class=\"elementor-element elementor-element-bc90852 elementor-view-default elementor-widget elementor-widget-icon\" data-id=\"bc90852\" data-element_type=\"widget\" data-widget_type=\"icon.default\">\n\t\t\t\t<div class=\"elementor-widget-container\">\n\t\t\t\t\t<div class=\"elementor-icon-wrapper\">\n\t\t\t<a class=\"elementor-icon\" href=\"https:\/\/www.facebook.com\/search\/top?q=juan%20carlos%20moreno%20campos\">\n\t\t\t<i aria-hidden=\"true\" class=\"fab fa-facebook\"><\/i>\t\t\t<\/a>\n\t\t<\/div>\n\t\t\t\t<\/div>\n\t\t\t\t<\/div>\n\t\t\t\t\t\t<\/div>\n\t\t\t\t\t<\/div>\n\t\t<\/div>\n\t\t\t\t<div class=\"elementor-column elementor-col-50 elementor-top-column elementor-element elementor-element-7c7c2fa\" data-id=\"7c7c2fa\" data-element_type=\"column\">\n\t\t\t<div class=\"elementor-column-wrap elementor-element-populated\">\n\t\t\t\t\t\t\t<div class=\"elementor-widget-wrap\">\n\t\t\t\t\t\t<div class=\"elementor-element elementor-element-f98d90c elementor-view-default elementor-widget elementor-widget-icon\" data-id=\"f98d90c\" data-element_type=\"widget\" data-widget_type=\"icon.default\">\n\t\t\t\t<div class=\"elementor-widget-container\">\n\t\t\t\t\t<div class=\"elementor-icon-wrapper\">\n\t\t\t<div class=\"elementor-icon\">\n\t\t\t<i aria-hidden=\"true\" class=\"fab fa-instagram\"><\/i>\t\t\t<\/div>\n\t\t<\/div>\n\t\t\t\t<\/div>\n\t\t\t\t<\/div>\n\t\t\t\t\t\t<\/div>\n\t\t\t\t\t<\/div>\n\t\t<\/div>\n\t\t\t\t\t\t\t\t<\/div>\n\t\t\t\t\t<\/div>\n\t\t<\/section>\n\t\t\t\t\t\t<\/div>\n\t\t\t\t\t\t<\/div>\n\t\t\t\t\t<\/div>\n\t\t","protected":false},"excerpt":{"rendered":"<p>En funci\u00f3n del tipo de entrenamiento o tipo de deporte que practiques adaptaremos tu Dieta, \u00a0Nutrici\u00f3n y Descanso. ver m\u00e1s&#8230; El entrenamiento es una actividad f\u00edsica para lograr los objetivos que nos marcamos a nivel particular o profesional&#8230; ver m\u00e1s&#8230; La Nutrici\u00f3n o la Dieta es una parte fundamental del entrenamiento&#8230;<\/p>\n","protected":false},"author":1,"featured_media":0,"parent":0,"menu_order":0,"comment_status":"closed","ping_status":"closed","template":"","meta":[],"yoast_head":"<!-- This site is optimized with the Yoast SEO plugin v16.0.2 - https:\/\/yoast.com\/wordpress\/plugins\/seo\/ -->\n<title>DIETAS -<\/title>\n<meta name=\"description\" content=\"Dieta deportista, dieta para adelgazar, dieta para deportista de alto rendimiento, nutrici\u00f3n, nutricionista Sevilla\" \/>\n<meta name=\"robots\" content=\"index, follow, max-snippet:-1, max-image-preview:large, max-video-preview:-1\" \/>\n<link rel=\"canonical\" href=\"https:\/\/ladietadeldeporte.es\/\" \/>\n<meta property=\"og:locale\" content=\"es_ES\" \/>\n<meta property=\"og:type\" content=\"article\" \/>\n<meta property=\"og:title\" content=\"DIETAS -\" \/>\n<meta property=\"og:description\" content=\"Dieta deportista, dieta para adelgazar, dieta para deportista de alto rendimiento, nutrici\u00f3n, nutricionista Sevilla\" \/>\n<meta property=\"og:url\" content=\"https:\/\/ladietadeldeporte.es\/\" \/>\n<meta property=\"article:modified_time\" content=\"2021-03-02T18:07:52+00:00\" \/>\n<meta property=\"og:image\" content=\"https:\/\/ladietadeldeporte.es\/wp-content\/uploads\/2021\/03\/DEPORTE-1024x672.jpg\" \/>\n<meta name=\"twitter:card\" content=\"summary_large_image\" \/>\n<meta name=\"twitter:label1\" content=\"Tiempo de lectura\">\n\t<meta name=\"twitter:data1\" content=\"2 minutos\">\n<script type=\"application\/ld+json\" class=\"yoast-schema-graph\">{\"@context\":\"https:\/\/schema.org\",\"@graph\":[{\"@type\":\"WebSite\",\"@id\":\"https:\/\/ladietadeldeporte.es\/#website\",\"url\":\"https:\/\/ladietadeldeporte.es\/\",\"name\":\"ladietadeldeporte.es\",\"description\":\"TELEFONO 608 03 29 25\",\"potentialAction\":[{\"@type\":\"SearchAction\",\"target\":\"https:\/\/ladietadeldeporte.es\/?s={search_term_string}\",\"query-input\":\"required name=search_term_string\"}],\"inLanguage\":\"es\"},{\"@type\":\"ImageObject\",\"@id\":\"https:\/\/ladietadeldeporte.es\/#primaryimage\",\"inLanguage\":\"es\",\"url\":\"https:\/\/ladietadeldeporte.es\/wp-content\/uploads\/2021\/03\/DEPORTE.jpg\",\"width\":1600,\"height\":1050},{\"@type\":\"WebPage\",\"@id\":\"https:\/\/ladietadeldeporte.es\/#webpage\",\"url\":\"https:\/\/ladietadeldeporte.es\/\",\"name\":\"DIETAS -\",\"isPartOf\":{\"@id\":\"https:\/\/ladietadeldeporte.es\/#website\"},\"primaryImageOfPage\":{\"@id\":\"https:\/\/ladietadeldeporte.es\/#primaryimage\"},\"datePublished\":\"2020-12-07T19:08:02+00:00\",\"dateModified\":\"2021-03-02T18:07:52+00:00\",\"description\":\"Dieta deportista, dieta para adelgazar, dieta para deportista de alto rendimiento, nutrici\\u00f3n, nutricionista Sevilla\",\"breadcrumb\":{\"@id\":\"https:\/\/ladietadeldeporte.es\/#breadcrumb\"},\"inLanguage\":\"es\",\"potentialAction\":[{\"@type\":\"ReadAction\",\"target\":[\"https:\/\/ladietadeldeporte.es\/\"]}]},{\"@type\":\"BreadcrumbList\",\"@id\":\"https:\/\/ladietadeldeporte.es\/#breadcrumb\",\"itemListElement\":[{\"@type\":\"ListItem\",\"position\":1,\"item\":{\"@type\":\"WebPage\",\"@id\":\"https:\/\/ladietadeldeporte.es\/\",\"url\":\"https:\/\/ladietadeldeporte.es\/\",\"name\":\"Portada\"}},{\"@type\":\"ListItem\",\"position\":2,\"item\":{\"@type\":\"WebPage\",\"@id\":\"https:\/\/ladietadeldeporte.es\/\",\"url\":\"https:\/\/ladietadeldeporte.es\/\",\"name\":\"DIETAS\"}}]}]}<\/script>\n<!-- \/ Yoast SEO plugin. -->","_links":{"self":[{"href":"https:\/\/ladietadeldeporte.es\/index.php\/wp-json\/wp\/v2\/pages\/9"}],"collection":[{"href":"https:\/\/ladietadeldeporte.es\/index.php\/wp-json\/wp\/v2\/pages"}],"about":[{"href":"https:\/\/ladietadeldeporte.es\/index.php\/wp-json\/wp\/v2\/types\/page"}],"author":[{"embeddable":true,"href":"https:\/\/ladietadeldeporte.es\/index.php\/wp-json\/wp\/v2\/users\/1"}],"replies":[{"embeddable":true,"href":"https:\/\/ladietadeldeporte.es\/index.php\/wp-json\/wp\/v2\/comments?post=9"}],"version-history":[{"count":160,"href":"https:\/\/ladietadeldeporte.es\/index.php\/wp-json\/wp\/v2\/pages\/9\/revisions"}],"predecessor-version":[{"id":605,"href":"https:\/\/ladietadeldeporte.es\/index.php\/wp-json\/wp\/v2\/pages\/9\/revisions\/605"}],"wp:attachment":[{"href":"https:\/\/ladietadeldeporte.es\/index.php\/wp-json\/wp\/v2\/media?parent=9"}],"curies":[{"name":"wp","href":"https:\/\/api.w.org\/{rel}","templated":true}]}}